{"id":455,"date":"2022-01-18T05:48:29","date_gmt":"2022-01-18T05:48:29","guid":{"rendered":"https:\/\/tirainer.de\/?page_id=455"},"modified":"2022-01-18T05:48:30","modified_gmt":"2022-01-18T05:48:30","slug":"ueber-mich","status":"publish","type":"page","link":"https:\/\/tirainer.de\/?page_id=455","title":{"rendered":"\u00dcber mich"},"content":{"rendered":"\n<figure class=\"wp-block-image size-full is-resized is-style-default ticss-f6a144dc\" id=\"wp-block-themeisle-blocks-image-78f7eacc\"><img loading=\"lazy\" decoding=\"async\" src=\"https:\/\/tirainer.de\/wp-content\/uploads\/2022\/01\/TS__0480_1.jpeg\" alt=\"Olaf Claussen\" class=\"wp-image-461\" width=\"200\" height=\"200\" srcset=\"https:\/\/tirainer.de\/wp-content\/uploads\/2022\/01\/TS__0480_1.jpeg 2000w, https:\/\/tirainer.de\/wp-content\/uploads\/2022\/01\/TS__0480_1-300x300.jpeg 300w, https:\/\/tirainer.de\/wp-content\/uploads\/2022\/01\/TS__0480_1-1024x1024.jpeg 1024w, https:\/\/tirainer.de\/wp-content\/uploads\/2022\/01\/TS__0480_1-150x150.jpeg 150w, https:\/\/tirainer.de\/wp-content\/uploads\/2022\/01\/TS__0480_1-768x768.jpeg 768w, https:\/\/tirainer.de\/wp-content\/uploads\/2022\/01\/TS__0480_1-1536x1536.jpeg 1536w\" sizes=\"auto, (max-width: 200px) 100vw, 200px\" \/><figcaption><a href=\"http:\/\/www.toddevision.de\" target=\"_blank\" rel=\"noreferrer noopener\"><span class=\"has-inline-color has-nv-dark-bg-color\">Foto: Thorsten Samesch<\/span><\/a><\/figcaption><\/figure>\n\n\n\n<p>Das Entwickeln von Apps ist eine Leidenschaft, der ich in meiner Freizeit nachgehe. Hauptberuflich arbeite ich als Produktionsingenieur beim Fernsehen in Hamburg. Ich steuere und \u00fcberwache Technik und Studioumgebungen bei der Produktion. Kameras sollen sch\u00f6ne Bilder mit kr\u00e4ftigen Farben und Kontrasten liefern, Mikrofone sollen die Stimmen der Akteure kraftvoll wiedergeben, vernetzte Ger\u00e4te und Automatisierungen sollen zum Beispiel Grafiken oder Filme im richtigen Moment zeigen. Insgesamt ein sehr technischer Beruf, dessen Schwerpunkt auf der Gestaltung und Vernetzung von Technik liegt.<\/p>\n","protected":false},"excerpt":{"rendered":"<p>Das Entwickeln von Apps ist eine Leidenschaft, der ich in meiner Freizeit nachgehe. Hauptberuflich arbeite ich als Produktionsingenieur beim Fernsehen in Hamburg. Ich steuere und \u00fcberwache Technik und Studioumgebungen bei der Produktion. Kameras sollen sch\u00f6ne Bilder mit kr\u00e4ftigen Farben und Kontrasten liefern, Mikrofone sollen die Stimmen der Akteure kraftvoll wiedergeben, vernetzte Ger\u00e4te und Automatisierungen sollen&hellip;&nbsp;<a href=\"https:\/\/tirainer.de\/?page_id=455\" rel=\"bookmark\">Weiterlesen &raquo;<span class=\"screen-reader-text\">\u00dcber mich<\/span><\/a><\/p>\n","protected":false},"author":1,"featured_media":0,"parent":0,"menu_order":0,"comment_status":"closed","ping_status":"closed","template":"","meta":{"neve_meta_sidebar":"","neve_meta_container":"","neve_meta_enable_content_width":"","neve_meta_content_width":0,"neve_meta_title_alignment":"","neve_meta_author_avatar":"","neve_post_elements_order":"","neve_meta_disable_header":"","neve_meta_disable_footer":"","neve_meta_disable_title":"","_themeisle_gutenberg_block_has_review":false,"footnotes":""},"class_list":["post-455","page","type-page","status-publish","hentry"],"_links":{"self":[{"href":"https:\/\/tirainer.de\/index.php?rest_route=\/wp\/v2\/pages\/455","targetHints":{"allow":["GET"]}}],"collection":[{"href":"https:\/\/tirainer.de\/index.php?rest_route=\/wp\/v2\/pages"}],"about":[{"href":"https:\/\/tirainer.de\/index.php?rest_route=\/wp\/v2\/types\/page"}],"author":[{"embeddable":true,"href":"https:\/\/tirainer.de\/index.php?rest_route=\/wp\/v2\/users\/1"}],"replies":[{"embeddable":true,"href":"https:\/\/tirainer.de\/index.php?rest_route=%2Fwp%2Fv2%2Fcomments&post=455"}],"version-history":[{"count":55,"href":"https:\/\/tirainer.de\/index.php?rest_route=\/wp\/v2\/pages\/455\/revisions"}],"predecessor-version":[{"id":514,"href":"https:\/\/tirainer.de\/index.php?rest_route=\/wp\/v2\/pages\/455\/revisions\/514"}],"wp:attachment":[{"href":"https:\/\/tirainer.de\/index.php?rest_route=%2Fwp%2Fv2%2Fmedia&parent=455"}],"curies":[{"name":"wp","href":"https:\/\/api.w.org\/{rel}","templated":true}]}}